{"id":89,"date":"2023-03-16T18:53:08","date_gmt":"2023-03-16T18:53:08","guid":{"rendered":"https:\/\/sv-benhauserfeld.de\/?page_id=89"},"modified":"2026-02-19T12:57:32","modified_gmt":"2026-02-19T12:57:32","slug":"organisatorisches","status":"publish","type":"page","link":"https:\/\/sv-benhauserfeld.de\/?page_id=89","title":{"rendered":"Organisatorisches"},"content":{"rendered":"\n<h2 class=\"wp-block-heading\">Anmeldung<\/h2>\n\n\n\n<p>Zum Download : Anmeldung als PDF<\/p>\n\n\n\n<figure class=\"wp-block-table is-style-stripes\"><table><tbody><tr><td>Beitrittserklr\u00e4ung<\/td><td><a href=\"https:\/\/sv-benhauserfeld.de\/wp-content\/uploads\/2026\/02\/Beitrittserklaerung_2026.pdf\" data-type=\"attachment\" data-id=\"282\">Beitrittserklaerung-2026<\/a><\/td><\/tr><tr><td>Beitrittserklr\u00e4ung &#8211; Familienbeitrag<\/td><td><a href=\"https:\/\/sv-benhauserfeld.de\/wp-content\/uploads\/2026\/02\/Beitrittserklaerung_Familienbeitrag_2026.pdf\" data-type=\"attachment\" data-id=\"281\">Beitrittserklaerung-Familie<\/a><\/td><\/tr><\/tbody><\/table><\/figure>\n\n\n\n<div style=\"height:50px\" aria-hidden=\"true\" class=\"wp-block-spacer\"><\/div>\n\n\n\n<p><\/p>\n\n\n\n<h2 class=\"wp-block-heading\">Anforderung Materialien<\/h2>\n\n\n\n<p>Ihr ben\u00f6tigt neue Materialien oder habt W\u00fcnsche f\u00fcr eure Gruppe dann f\u00fcllt bitte folgendes Formular dazu aus:<\/p>\n\n\n\n<p>Zum Formular: <\/p>\n\n\n\n<div class=\"wp-block-buttons is-layout-flex wp-block-buttons-is-layout-flex\">\n<div class=\"wp-block-button\"><a class=\"wp-block-button__link has-black-color has-vivid-cyan-blue-background-color has-text-color has-background wp-element-button\" href=\"https:\/\/sv-benhauserfeld.de\/?page_id=111\">Materialbestellung<\/a><\/div>\n<\/div>\n\n\n\n<div style=\"height:50px\" aria-hidden=\"true\" class=\"wp-block-spacer\"><\/div>\n\n\n\n<h2 class=\"wp-block-heading\">Alle Weiteren Anliegen<\/h2>\n\n\n\n<p>Ihr habt weitere Anliegen, Fragen oder Vorschl\u00e4ge dann schreibt uns einfach eine Mail.<\/p>\n\n\n\n<div class=\"wp-block-buttons is-layout-flex wp-block-buttons-is-layout-flex\">\n<div class=\"wp-block-button\"><a class=\"wp-block-button__link has-black-color has-vivid-cyan-blue-background-color has-text-color has-background wp-element-button\" href=\"mailto: info@sv-benhauserfeld.de\">Kontakt<\/a><\/div>\n<\/div>\n\n\n\n<div style=\"height:50px\" aria-hidden=\"true\" class=\"wp-block-spacer\"><\/div>\n\n\n\n<h2 class=\"wp-block-heading\">Satzung des Vereins<\/h2>\n\n\n\n<div class=\"wp-block-file\"><a id=\"wp-block-file--media-e3406fbc-1dcc-4672-b435-c9911441702b\" href=\"https:\/\/sv-benhauserfeld.de\/wp-content\/uploads\/2023\/03\/SVB-Satzung-1.pdf\">Satzung<\/a><\/div>\n\n\n\n<div style=\"height:50px\" aria-hidden=\"true\" class=\"wp-block-spacer\"><\/div>\n\n\n\n<h2 class=\"wp-block-heading\">Protokolle Jahreshaupversammlungen<\/h2>\n\n\n\n<figure class=\"wp-block-table is-style-stripes\"><table class=\"has-fixed-layout\"><tbody><tr><td>Jahreshauptversammlung 2026<\/td><td><a href=\"https:\/\/sv-benhauserfeld.de\/wp-content\/uploads\/2025\/12\/Einladung-JHV-2026.pdf\" data-type=\"attachment\" data-id=\"273\">Einladung  <\/a>\/  <a href=\"https:\/\/sv-benhauserfeld.de\/wp-content\/uploads\/2026\/02\/Protokoll-JHV-2026.pdf\" data-type=\"attachment\" data-id=\"286\">Protokoll<\/a><\/td><\/tr><tr><td><\/td><td><\/td><\/tr><\/tbody><\/table><\/figure>\n\n\n\n<p><\/p>\n","protected":false},"excerpt":{"rendered":"<p>Anmeldung Zum Download : Anmeldung als PDF Beitrittserklr\u00e4ung Beitrittserklaerung-2026 Beitrittserklr\u00e4ung &#8211; Familienbeitrag Beitrittserklaerung-Familie Anforderung Materialien Ihr ben\u00f6tigt neue Materialien oder habt W\u00fcnsche f\u00fcr eure Gruppe dann f\u00fcllt bitte folgendes Formular dazu aus: Zum Formular: Alle Weiteren Anliegen Ihr habt weitere Anliegen, Fragen oder Vorschl\u00e4ge dann schreibt uns einfach eine Mail. Satzung des Vereins Protokolle Jahreshaupversammlungen&hellip;<\/p>\n","protected":false},"author":2,"featured_media":0,"parent":0,"menu_order":0,"comment_status":"closed","ping_status":"closed","template":"","meta":{"footnotes":""},"class_list":["post-89","page","type-page","status-publish","hentry"],"_links":{"self":[{"href":"https:\/\/sv-benhauserfeld.de\/index.php?rest_route=\/wp\/v2\/pages\/89","targetHints":{"allow":["GET"]}}],"collection":[{"href":"https:\/\/sv-benhauserfeld.de\/index.php?rest_route=\/wp\/v2\/pages"}],"about":[{"href":"https:\/\/sv-benhauserfeld.de\/index.php?rest_route=\/wp\/v2\/types\/page"}],"author":[{"embeddable":true,"href":"https:\/\/sv-benhauserfeld.de\/index.php?rest_route=\/wp\/v2\/users\/2"}],"replies":[{"embeddable":true,"href":"https:\/\/sv-benhauserfeld.de\/index.php?rest_route=%2Fwp%2Fv2%2Fcomments&post=89"}],"version-history":[{"count":23,"href":"https:\/\/sv-benhauserfeld.de\/index.php?rest_route=\/wp\/v2\/pages\/89\/revisions"}],"predecessor-version":[{"id":290,"href":"https:\/\/sv-benhauserfeld.de\/index.php?rest_route=\/wp\/v2\/pages\/89\/revisions\/290"}],"wp:attachment":[{"href":"https:\/\/sv-benhauserfeld.de\/index.php?rest_route=%2Fwp%2Fv2%2Fmedia&parent=89"}],"curies":[{"name":"wp","href":"https:\/\/api.w.org\/{rel}","templated":true}]}}